{"id":182,"date":"2019-11-06T10:42:10","date_gmt":"2019-11-06T15:42:10","guid":{"rendered":"https:\/\/www.fundacionchisua.org\/web\/?page_id=182"},"modified":"2020-02-20T17:32:20","modified_gmt":"2020-02-20T22:32:20","slug":"eco-s-o-s-chisua","status":"publish","type":"page","link":"https:\/\/www.fundacionchisua.org\/web\/eco-s-o-s-chisua\/","title":{"rendered":"ECO-S.O.S.-CHISUA"},"content":{"rendered":"<p>[et_pb_section fb_built=\u00bb1&#8243; admin_label=\u00bbHero\u00bb _builder_version=\u00bb4.0.4&#8243; custom_padding=\u00bb0px|0px|0px|0px\u00bb animation_style=\u00bbzoom\u00bb animation_intensity_zoom=\u00bb4%\u00bb][et_pb_row column_structure=\u00bb1_2,1_2&#8243; use_custom_gutter=\u00bbon\u00bb gutter_width=\u00bb1&#8243; make_equal=\u00bbon\u00bb module_class=\u00bb et_pb_row_fullwidth\u00bb _builder_version=\u00bb4.0.4&#8243; background_color=\u00bb#fcd21d\u00bb background_image=\u00bbhttps:\/\/www.fundacionchisua.org\/web\/wp-content\/uploads\/2019\/11\/circle-background-pattern.png\u00bb width=\u00bb100%\u00bb width_tablet=\u00bb100%\u00bb width_phone=\u00bb\u00bb width_last_edited=\u00bbon|desktop\u00bb max_width=\u00bb100%\u00bb max_width_tablet=\u00bb100%\u00bb max_width_phone=\u00bb\u00bb max_width_last_edited=\u00bbon|desktop\u00bb custom_padding=\u00bb0px||0px|\u00bb animation_style=\u00bbslide\u00bb animation_direction=\u00bbtop\u00bb animation_intensity_slide=\u00bb3%\u00bb make_fullwidth=\u00bbon\u00bb][et_pb_column type=\u00bb1_2&#8243; _builder_version=\u00bb3.25&#8243; custom_padding=\u00bb10%|8%|10%|8%\u00bb custom_padding__hover=\u00bb|||\u00bb][et_pb_text _builder_version=\u00bb3.27.4&#8243; text_font=\u00bb||||||||\u00bb header_font=\u00bbMontserrat|700||on|||||\u00bb header_text_color=\u00bb#f7f7f7&#8243; header_font_size=\u00bb60px\u00bb header_line_height=\u00bb1.3em\u00bb width=\u00bb100%\u00bb min_height=\u00bb149px\u00bb custom_margin=\u00bb-40px||40px|||\u00bb animation_style=\u00bbfade\u00bb header_font_size_last_edited=\u00bboff|desktop\u00bb locked=\u00bboff\u00bb]<\/p>\n<h1><span data-contrast=\"auto\" class=\"TextRun SCXW93064815 BCX0\" xml:lang=\"ES-MX\" lang=\"ES-MX\"><span class=\"NormalTextRun SCXW93064815 BCX0\">ECO<\/span><\/span><span data-contrast=\"auto\" class=\"TextRun SCXW93064815 BCX0\" xml:lang=\"ES-MX\" lang=\"ES-MX\"><span class=\"NormalTextRun SCXW93064815 BCX0\">&#8211;<\/span><\/span><span data-contrast=\"auto\" class=\"TextRun SCXW93064815 BCX0\" xml:lang=\"ES-MX\" lang=\"ES-MX\"><span class=\"NormalTextRun SCXW93064815 BCX0\">S<\/span><\/span><span data-contrast=\"auto\" class=\"TextRun SCXW93064815 BCX0\" xml:lang=\"ES-MX\" lang=\"ES-MX\"><span class=\"NormalTextRun SCXW93064815 BCX0\">.<\/span><\/span><span data-contrast=\"auto\" class=\"TextRun SCXW93064815 BCX0\" xml:lang=\"ES-MX\" lang=\"ES-MX\"><span class=\"NormalTextRun SCXW93064815 BCX0\">O<\/span><\/span><span data-contrast=\"auto\" class=\"TextRun SCXW93064815 BCX0\" xml:lang=\"ES-MX\" lang=\"ES-MX\"><span class=\"NormalTextRun SCXW93064815 BCX0\">.S<\/span><\/span><span data-contrast=\"auto\" class=\"TextRun SCXW93064815 BCX0\" xml:lang=\"ES-MX\" lang=\"ES-MX\"><span class=\"NormalTextRun SCXW93064815 BCX0\">.<\/span><\/span><span data-contrast=\"auto\" class=\"TextRun SCXW93064815 BCX0\" xml:lang=\"ES-MX\" lang=\"ES-MX\"><span class=\"NormalTextRun SCXW93064815 BCX0\">&#8211;<\/span><\/span><span data-contrast=\"auto\" class=\"TextRun SCXW93064815 BCX0\" xml:lang=\"ES-MX\" lang=\"ES-MX\"><span class=\"NormalTextRun SCXW93064815 BCX0\">CHISUA\u00a0<\/span><\/span><\/h1>\n<p>[\/et_pb_text][et_pb_text _builder_version=\u00bb3.27.4&#8243; text_font=\u00bbMontserrat||||\u00bb text_text_color=\u00bb#353740&#8243; text_font_size=\u00bb20px\u00bb text_line_height=\u00bb1.8em\u00bb header_font=\u00bb||||||||\u00bb custom_margin=\u00bb||50px|\u00bb animation_style=\u00bbslide\u00bb animation_direction=\u00bbtop\u00bb animation_intensity_slide=\u00bb17%\u00bb locked=\u00bboff\u00bb]<\/p>\n<p><span data-contrast=\"auto\" class=\"TextRun  BCX0 SCXW232587988\" xml:lang=\"ES-MX\" lang=\"ES-MX\"><span class=\"NormalTextRun  BCX0 SCXW232587988\">Programa que propicia relaciones<span>\u00a0<\/span><\/span><\/span><span data-contrast=\"auto\" class=\"TextRun  BCX0 SCXW232587988\" xml:lang=\"ES-MX\" lang=\"ES-MX\"><span class=\"SpellingError  BCX0 SCXW232587988\">ecos\u00f3ficas<\/span><span class=\"NormalTextRun  BCX0 SCXW232587988\">, es decir interacciones<span>\u00a0<\/span><\/span><\/span><span data-contrast=\"auto\" class=\"TextRun  BCX0 SCXW232587988\" xml:lang=\"ES-MX\" lang=\"ES-MX\"><span class=\"NormalTextRun  BCX0 SCXW232587988\">m\u00e1s arm\u00f3nicas con el territorio<\/span><\/span><span data-contrast=\"auto\" class=\"TextRun  BCX0 SCXW232587988\" xml:lang=\"ES-MX\" lang=\"ES-MX\"><span class=\"NormalTextRun  BCX0 SCXW232587988\">, consigo mismo, con los otros y con el mundo que habitamos.<span>\u00a0<\/span><\/span><\/span><span data-contrast=\"auto\" class=\"TextRun  BCX0 SCXW232587988\" xml:lang=\"ES-MX\" lang=\"ES-MX\"><span class=\"NormalTextRun  BCX0 SCXW232587988\">Las salidas ambientales y culturales nos permiten reconocer los territorios de vida de las comunidades y as\u00ed, aprender las riquezas geogr\u00e1ficas y socioculturales de ni\u00f1os, ni\u00f1as, j\u00f3venes y familias<span>\u00a0<\/span><\/span><\/span><span data-contrast=\"auto\" class=\"TextRun  BCX0 SCXW232587988\" xml:lang=\"ES-MX\" lang=\"ES-MX\"><span class=\"NormalTextRun  BCX0 SCXW232587988\">socioculturalmente diversas\u00a0<\/span><\/span><span class=\"EOP  BCX0 SCXW232587988\" data-ccp-props=\"{&quot;201341983&quot;:0,&quot;335551550&quot;:6,&quot;335551620&quot;:6,&quot;335559739&quot;:200,&quot;335559740&quot;:276}\">\u00a0<\/span><\/p>\n<p>[\/et_pb_text][et_pb_button button_url=\u00bbhttps:\/\/www.fundacionchisua.org\/web\/contactenos\/\u00bb button_text=\u00bbCont\u00e1ctenos\u00bb _builder_version=\u00bb4.0.4&#8243; custom_button=\u00bbon\u00bb button_text_color=\u00bb#ffffff\u00bb button_border_width=\u00bb4px\u00bb button_border_color=\u00bb#ffffff\u00bb button_border_radius=\u00bb100px\u00bb button_letter_spacing=\u00bb2px\u00bb button_font=\u00bbMontserrat|on||on|\u00bb button_icon=\u00bb%%36%%\u00bb animation_style=\u00bbfade\u00bb button_text_color_hover=\u00bb#ffffff\u00bb button_border_color_hover=\u00bb#ffffff\u00bb button_letter_spacing_hover=\u00bb2px\u00bb button_bg_color_hover=\u00bbrgba(0,0,0,0)\u00bb locked=\u00bboff\u00bb button_text_size__hover_enabled=\u00bboff\u00bb button_one_text_size__hover_enabled=\u00bboff\u00bb button_two_text_size__hover_enabled=\u00bboff\u00bb button_text_color__hover_enabled=\u00bbon\u00bb button_text_color__hover=\u00bb#ffffff\u00bb button_one_text_color__hover_enabled=\u00bboff\u00bb button_two_text_color__hover_enabled=\u00bboff\u00bb button_border_width__hover_enabled=\u00bboff\u00bb button_one_border_width__hover_enabled=\u00bboff\u00bb button_two_border_width__hover_enabled=\u00bboff\u00bb button_border_color__hover_enabled=\u00bbon\u00bb button_border_color__hover=\u00bb#ffffff\u00bb button_one_border_color__hover_enabled=\u00bboff\u00bb button_two_border_color__hover_enabled=\u00bboff\u00bb button_border_radius__hover_enabled=\u00bboff\u00bb button_one_border_radius__hover_enabled=\u00bboff\u00bb button_two_border_radius__hover_enabled=\u00bboff\u00bb button_letter_spacing__hover_enabled=\u00bbon\u00bb button_letter_spacing__hover=\u00bb2px\u00bb button_one_letter_spacing__hover_enabled=\u00bboff\u00bb button_two_letter_spacing__hover_enabled=\u00bboff\u00bb button_bg_color__hover_enabled=\u00bbon\u00bb button_bg_color__hover=\u00bbrgba(0,0,0,0)\u00bb button_one_bg_color__hover_enabled=\u00bboff\u00bb button_two_bg_color__hover_enabled=\u00bboff\u00bb][\/et_pb_button][\/et_pb_column][et_pb_column type=\u00bb1_2&#8243; _builder_version=\u00bb4.0.4&#8243; background_image=\u00bbhttps:\/\/www.fundacionchisua.org\/web\/wp-content\/uploads\/2019\/11\/Fundacion-chisua-proyectos-1-e1573054898797.jpg\u00bb parallax=\u00bbon\u00bb custom_padding=\u00bb|||\u00bb custom_padding__hover=\u00bb|||\u00bb][\/et_pb_column][\/et_pb_row][\/et_pb_section][et_pb_section fb_built=\u00bb1&#8243; admin_label=\u00bbService Section\u00bb _builder_version=\u00bb3.22&#8243; custom_margin=\u00bb|||\u00bb custom_padding=\u00bb110px||18px|||\u00bb][et_pb_row admin_label=\u00bbService Section Title\u00bb _builder_version=\u00bb3.25&#8243; custom_margin=\u00bb||40px|\u00bb animation_style=\u00bbfade\u00bb animation_direction=\u00bbtop\u00bb saved_tabs=\u00bball\u00bb][et_pb_column type=\u00bb4_4&#8243; _builder_version=\u00bb3.25&#8243; custom_padding=\u00bb|||\u00bb custom_padding__hover=\u00bb|||\u00bb][et_pb_text admin_label=\u00bbTitle\u00bb _builder_version=\u00bb4.0.4&#8243; text_font=\u00bbMontserrat||||||||\u00bb text_text_color=\u00bb#747d88&#8243; text_font_size=\u00bb16px\u00bb text_line_height=\u00bb1.9em\u00bb header_font=\u00bb||||||||\u00bb header_2_font=\u00bbMontserrat|700||on|||||\u00bb header_2_font_size=\u00bb42px\u00bb header_2_line_height=\u00bb1.3em\u00bb text_orientation=\u00bbcenter\u00bb max_width=\u00bb1120px\u00bb module_alignment=\u00bbcenter\u00bb custom_margin=\u00bb|1px||||\u00bb animation_style=\u00bbslide\u00bb animation_direction=\u00bbbottom\u00bb animation_intensity_slide=\u00bb4%\u00bb custom_css_main_element=\u00bb.et_pb_text_2 h2 { ||  font-family: &#8216;Montserrat&#8217;,Helvetica,Arial,Lucida,sans-serif;||    font-weight: 700;||    \/* text-transform: uppercase; *\/||    font-size: 42px;||    line-height: 1.3em;||}||\u00bb]<\/p>\n<h2><span data-contrast=\"auto\" class=\"TextRun  BCX0 SCXW113916066\" xml:lang=\"ES-MX\" lang=\"ES-MX\"><span class=\"NormalTextRun  BCX0 SCXW113916066\">Eco-S.O.S. \u2013<\/span><\/span><span data-contrast=\"auto\" class=\"TextRun  BCX0 SCXW113916066\" xml:lang=\"ES-MX\" lang=\"ES-MX\"><span class=\"NormalTextRun  BCX0 SCXW113916066\"><span>\u00a0<\/span><\/span><\/span><span data-contrast=\"auto\" class=\"TextRun  BCX0 SCXW113916066\" xml:lang=\"ES-MX\" lang=\"ES-MX\"><span class=\"NormalTextRun  BCX0 SCXW113916066\">CHISUA<span>\u00a0<\/span><\/span><\/span><span data-contrast=\"auto\" class=\"TextRun  BCX0 SCXW113916066\" xml:lang=\"ES-MX\" lang=\"ES-MX\"><span class=\"NormalTextRun  BCX0 SCXW113916066\">sit\u00faa<\/span><\/span><span data-contrast=\"auto\" class=\"TextRun  BCX0 SCXW113916066\" xml:lang=\"ES-MX\" lang=\"ES-MX\"><span class=\"NormalTextRun  BCX0 SCXW113916066\"><span>\u00a0<\/span>la necesidad de construir ecolog\u00edas medioambientales, mentales y sociales que nos lleven no s\u00f3lo a cuidar los recursos,<span>\u00a0<\/span><\/span><\/span><span data-contrast=\"auto\" class=\"TextRun  BCX0 SCXW113916066\" xml:lang=\"ES-MX\" lang=\"ES-MX\"><span class=\"NormalTextRun  BCX0 SCXW113916066\">sino,<\/span><\/span><span data-contrast=\"auto\" class=\"TextRun  BCX0 SCXW113916066\" xml:lang=\"ES-MX\" lang=\"ES-MX\"><span class=\"NormalTextRun  BCX0 SCXW113916066\"><span>\u00a0<\/span>ante todo, a<span>\u00a0<\/span><\/span><\/span><span data-contrast=\"auto\" class=\"TextRun  BCX0 SCXW113916066\" xml:lang=\"ES-MX\" lang=\"ES-MX\"><span class=\"NormalTextRun  BCX0 SCXW113916066\">pensar lo que hacemos<\/span><\/span><span data-contrast=\"auto\" class=\"TextRun  BCX0 SCXW113916066\" xml:lang=\"ES-MX\" lang=\"ES-MX\"><span class=\"NormalTextRun  BCX0 SCXW113916066\">, con un<span>\u00a0<\/span><\/span><\/span><span data-contrast=\"auto\" class=\"TextRun  BCX0 SCXW113916066\" xml:lang=\"ES-MX\" lang=\"ES-MX\"><span class=\"NormalTextRun  BCX0 SCXW113916066\">sentido de<span>\u00a0<\/span><\/span><\/span><span data-contrast=\"auto\" class=\"TextRun  BCX0 SCXW113916066\" xml:lang=\"ES-MX\" lang=\"ES-MX\"><span class=\"NormalTextRun  BCX0 SCXW113916066\">cor<\/span><\/span><span data-contrast=\"auto\" class=\"TextRun  BCX0 SCXW113916066\" xml:lang=\"ES-MX\" lang=\"ES-MX\"><span class=\"NormalTextRun  BCX0 SCXW113916066\">responsabilidad<span>\u00a0<\/span><\/span><\/span><span data-contrast=\"auto\" class=\"TextRun  BCX0 SCXW113916066\" xml:lang=\"ES-MX\" lang=\"ES-MX\"><span class=\"NormalTextRun  BCX0 SCXW113916066\">con nuestros en<\/span><\/span><span data-contrast=\"auto\" class=\"TextRun  BCX0 SCXW113916066\" xml:lang=\"ES-MX\" lang=\"ES-MX\"><span class=\"NormalTextRun  BCX0 SCXW113916066\">tornos m\u00e1s pr\u00f3ximos.<\/span><\/span><span class=\"EOP  BCX0 SCXW113916066\" data-ccp-props=\"{&quot;201341983&quot;:0,&quot;335551550&quot;:6,&quot;335551620&quot;:6,&quot;335559739&quot;:200,&quot;335559740&quot;:276}\">\u00a0<\/span><\/h2>\n<p>[\/et_pb_text][\/et_pb_column][\/et_pb_row][\/et_pb_section][et_pb_section fb_built=\u00bb1&#8243; admin_label=\u00bbVideo Section\u00bb _builder_version=\u00bb3.22&#8243; use_background_color_gradient=\u00bbon\u00bb background_color_gradient_start=\u00bb#ffffff\u00bb background_color_gradient_end=\u00bb#fcd21d\u00bb background_color_gradient_start_position=\u00bb65%\u00bb background_color_gradient_end_position=\u00bb65%\u00bb custom_padding=\u00bb|||\u00bb][et_pb_row admin_label=\u00bbVideo\u00bb _builder_version=\u00bb3.25&#8243; custom_padding=\u00bb0px|0px|0px|0px\u00bb animation_style=\u00bbslide\u00bb animation_direction=\u00bbtop\u00bb animation_intensity_slide=\u00bb4%\u00bb animation_starting_opacity=\u00bb100%\u00bb box_shadow_style=\u00bbpreset1&#8243; box_shadow_blur=\u00bb77px\u00bb][et_pb_column type=\u00bb4_4&#8243; _builder_version=\u00bb3.25&#8243; custom_padding=\u00bb|||\u00bb custom_padding__hover=\u00bb|||\u00bb][et_pb_gallery gallery_ids=\u00bb207,206,205,212,213,214,215,216&#8243; gallery_orderby=\u00bbrand\u00bb fullwidth=\u00bbon\u00bb hover_icon=\u00bb%%198%%\u00bb _builder_version=\u00bb4.0.4&#8243; hover_enabled=\u00bb0&#8243;][\/et_pb_gallery][\/et_pb_column][\/et_pb_row][\/et_pb_section][et_pb_section fb_built=\u00bb1&#8243; admin_label=\u00bbFun Fact Section\u00bb _builder_version=\u00bb3.22&#8243; background_color=\u00bb#fcd21d\u00bb custom_margin=\u00bb|||\u00bb custom_padding=\u00bb60px||110px|\u00bb][et_pb_row admin_label=\u00bbService Section Title\u00bb _builder_version=\u00bb3.25&#8243; custom_margin=\u00bb|auto|0px|auto||\u00bb animation_style=\u00bbfade\u00bb animation_direction=\u00bbtop\u00bb saved_tabs=\u00bball\u00bb][et_pb_column type=\u00bb4_4&#8243; _builder_version=\u00bb3.25&#8243; custom_padding=\u00bb|||\u00bb custom_padding__hover=\u00bb|||\u00bb][et_pb_text admin_label=\u00bbTitle\u00bb _builder_version=\u00bb3.27.4&#8243; text_font=\u00bbMontserrat||||||||\u00bb text_text_color=\u00bb#747d88&#8243; text_font_size=\u00bb16px\u00bb text_line_height=\u00bb1.9em\u00bb header_font=\u00bb||||||||\u00bb header_2_font=\u00bbMontserrat|700||on|||||\u00bb header_2_font_size=\u00bb42px\u00bb header_2_line_height=\u00bb1.3em\u00bb text_orientation=\u00bbcenter\u00bb max_width=\u00bb1155px\u00bb module_alignment=\u00bbcenter\u00bb animation_style=\u00bbslide\u00bb animation_direction=\u00bbbottom\u00bb animation_intensity_slide=\u00bb4%\u00bb]<\/p>\n<h2><span data-contrast=\"auto\" class=\"TextRun  BCX0 SCXW42092664\" xml:lang=\"ES-MX\" lang=\"ES-MX\"><span class=\"NormalTextRun  BCX0 SCXW42092664\">ECO-S.O.S. \u2013<\/span><\/span><span data-contrast=\"auto\" class=\"TextRun  BCX0 SCXW42092664\" xml:lang=\"ES-MX\" lang=\"ES-MX\"><span class=\"NormalTextRun  BCX0 SCXW42092664\"><span>\u00a0<\/span><\/span><\/span><span data-contrast=\"auto\" class=\"TextRun  BCX0 SCXW42092664\" xml:lang=\"ES-MX\" lang=\"ES-MX\"><span class=\"ContextualSpellingAndGrammarError  BCX0 SCXW42092664\">CHISUA<\/span><span class=\"NormalTextRun  BCX0 SCXW42092664\"><span>\u00a0<\/span><\/span><\/span><span data-contrast=\"auto\" class=\"TextRun  BCX0 SCXW42092664\" xml:lang=\"ES-MX\" lang=\"ES-MX\"><span class=\"NormalTextRun  BCX0 SCXW42092664\">as\u00ed como<span>\u00a0<\/span><\/span><\/span><span data-contrast=\"auto\" class=\"TextRun  BCX0 SCXW42092664\" xml:lang=\"ES-MX\" lang=\"ES-MX\"><span class=\"NormalTextRun  BCX0 SCXW42092664\">propone espacios para reflexionar<span>\u00a0<\/span><\/span><\/span><span data-contrast=\"auto\" class=\"TextRun  BCX0 SCXW42092664\" xml:lang=\"ES-MX\" lang=\"ES-MX\"><span class=\"NormalTextRun  BCX0 SCXW42092664\">ante la diversidad<\/span><\/span><span data-contrast=\"auto\" class=\"TextRun  BCX0 SCXW42092664\" xml:lang=\"ES-MX\" lang=\"ES-MX\"><span class=\"NormalTextRun  BCX0 SCXW42092664\"><span>\u00a0<\/span>ecosist\u00e9mica de los<span>\u00a0<\/span><\/span><\/span><span data-contrast=\"auto\" class=\"TextRun  BCX0 SCXW42092664\" xml:lang=\"ES-MX\" lang=\"ES-MX\"><span class=\"NormalTextRun  BCX0 SCXW42092664\">territorios, tambi\u00e9n<\/span><\/span><span data-contrast=\"auto\" class=\"TextRun  BCX0 SCXW42092664\" xml:lang=\"ES-MX\" lang=\"ES-MX\"><span class=\"NormalTextRun  BCX0 SCXW42092664\"><span>\u00a0<\/span>plantea acciones para el buen vivir que sean sustentables.<span>\u00a0<\/span><\/span><\/span><span data-contrast=\"auto\" class=\"TextRun  BCX0 SCXW42092664\" xml:lang=\"ES-MX\" lang=\"ES-MX\"><span class=\"NormalTextRun  BCX0 SCXW42092664\">Los<span>\u00a0<\/span><\/span><\/span><span data-contrast=\"auto\" class=\"TextRun  BCX0 SCXW42092664\" xml:lang=\"ES-MX\" lang=\"ES-MX\"><span class=\"NormalTextRun  BCX0 SCXW42092664\">O<\/span><\/span><span data-contrast=\"auto\" class=\"TextRun  BCX0 SCXW42092664\" xml:lang=\"ES-MX\" lang=\"ES-MX\"><span class=\"NormalTextRun  BCX0 SCXW42092664\">b<\/span><\/span><span data-contrast=\"auto\" class=\"TextRun  BCX0 SCXW42092664\" xml:lang=\"ES-MX\" lang=\"ES-MX\"><span class=\"NormalTextRun  BCX0 SCXW42092664\">jetivos de Desarrollo Sostenible \u2013 ODS-<\/span><\/span><span data-contrast=\"auto\" class=\"TextRun  BCX0 SCXW42092664\" xml:lang=\"ES-MX\" lang=\"ES-MX\"><span class=\"NormalTextRun  BCX0 SCXW42092664\"><span>\u00a0<\/span>son la bandera que gu\u00eda el tejido entre pensamientos, gentes y relatos.<\/span><\/span><span class=\"EOP  BCX0 SCXW42092664\" data-ccp-props=\"{&quot;201341983&quot;:0,&quot;335551550&quot;:6,&quot;335551620&quot;:6,&quot;335559739&quot;:200,&quot;335559740&quot;:276}\">\u00a0<\/span><\/h2>\n<p>[\/et_pb_text][\/et_pb_column][\/et_pb_row][et_pb_row _builder_version=\u00bb4.0.4&#8243;][et_pb_column _builder_version=\u00bb4.0.4&#8243; type=\u00bb4_4&#8243;][et_pb_gallery _builder_version=\u00bb4.0.4&#8243; gallery_ids=\u00bb818,820,821,822&#8243; hover_enabled=\u00bb0&#8243; title_font_size=\u00bb0px\u00bb][\/et_pb_gallery][\/et_pb_column][\/et_pb_row][et_pb_row _builder_version=\u00bb4.0.4&#8243;][et_pb_column type=\u00bb4_4&#8243; _builder_version=\u00bb4.0.4&#8243;][et_pb_image src=\u00bbhttps:\/\/www.fundacionchisua.org\/web\/wp-content\/uploads\/2019\/11\/fundacion-chisua-proyectos-13.jpg\u00bb align=\u00bbcenter\u00bb _builder_version=\u00bb4.0.4&#8243;][\/et_pb_image][\/et_pb_column][\/et_pb_row][\/et_pb_section]<\/p>\n","protected":false},"excerpt":{"rendered":"<p>ECO-S.O.S.-CHISUA\u00a0Programa que propicia relaciones\u00a0ecos\u00f3ficas, es decir interacciones\u00a0m\u00e1s arm\u00f3nicas con el territorio, consigo mismo, con los otros y con el mundo que habitamos.\u00a0Las salidas ambientales y culturales nos permiten reconocer los territorios de vida de las comunidades y as\u00ed, aprender las riquezas geogr\u00e1ficas y socioculturales de ni\u00f1os, ni\u00f1as, j\u00f3venes y familias\u00a0socioculturalmente diversas\u00a0\u00a0Eco-S.O.S. \u2013\u00a0CHISUA\u00a0sit\u00faa\u00a0la necesidad de construir [&hellip;]<\/p>\n","protected":false},"author":1,"featured_media":0,"parent":0,"menu_order":0,"comment_status":"closed","ping_status":"closed","template":"","meta":{"_et_pb_use_builder":"on","_et_pb_old_content":"","_et_gb_content_width":"","footnotes":""},"_links":{"self":[{"href":"https:\/\/www.fundacionchisua.org\/web\/wp-json\/wp\/v2\/pages\/182"}],"collection":[{"href":"https:\/\/www.fundacionchisua.org\/web\/wp-json\/wp\/v2\/pages"}],"about":[{"href":"https:\/\/www.fundacionchisua.org\/web\/wp-json\/wp\/v2\/types\/page"}],"author":[{"embeddable":true,"href":"https:\/\/www.fundacionchisua.org\/web\/wp-json\/wp\/v2\/users\/1"}],"replies":[{"embeddable":true,"href":"https:\/\/www.fundacionchisua.org\/web\/wp-json\/wp\/v2\/comments?post=182"}],"version-history":[{"count":10,"href":"https:\/\/www.fundacionchisua.org\/web\/wp-json\/wp\/v2\/pages\/182\/revisions"}],"predecessor-version":[{"id":824,"href":"https:\/\/www.fundacionchisua.org\/web\/wp-json\/wp\/v2\/pages\/182\/revisions\/824"}],"wp:attachment":[{"href":"https:\/\/www.fundacionchisua.org\/web\/wp-json\/wp\/v2\/media?parent=182"}],"curies":[{"name":"wp","href":"https:\/\/api.w.org\/{rel}","templated":true}]}}