{"id":219,"date":"2019-11-06T11:14:02","date_gmt":"2019-11-06T16:14:02","guid":{"rendered":"https:\/\/www.fundacionchisua.org\/web\/?page_id=219"},"modified":"2021-07-23T09:57:12","modified_gmt":"2021-07-23T14:57:12","slug":"mujeres-sororas","status":"publish","type":"page","link":"https:\/\/www.fundacionchisua.org\/web\/mujeres-sororas\/","title":{"rendered":"MUJERES SORORAS"},"content":{"rendered":"<p>[et_pb_section fb_built=\u00bb1&#8243; fullwidth=\u00bbon\u00bb next_background_color=\u00bb#ffffff\u00bb admin_label=\u00bbHero\u00bb _builder_version=\u00bb3.22&#8243; background_color=\u00bb#ffb9cc\u00bb use_background_color_gradient=\u00bbon\u00bb background_color_gradient_start=\u00bb#ffffff\u00bb background_color_gradient_end=\u00bb#ffb9cc\u00bb background_color_gradient_direction=\u00bb165deg\u00bb background_color_gradient_start_position=\u00bb40%\u00bb background_image=\u00bbhttps:\/\/www.fundacionchisua.org\/web\/wp-content\/uploads\/2019\/11\/babysitter-background-color-1.png\u00bb bottom_divider_style=\u00bbwave2&#8243; bottom_divider_height=\u00bb150px\u00bb bottom_divider_flip=\u00bbhorizontal\u00bb][et_pb_fullwidth_header title=\u00bbMUJERES SORORAS:\u00bb button_one_text=\u00bbCont\u00e1ctenos\u00bb button_one_url=\u00bbhttps:\/\/www.fundacionchisua.org\/web\/contactenos\/\u00bb background_overlay_color=\u00bbrgba(255,255,255,0.3)\u00bb header_image_url=\u00bbhttps:\/\/www.fundacionchisua.org\/web\/wp-content\/uploads\/2019\/11\/fundacion-chisua-proyectos-14.jpg\u00bb _builder_version=\u00bb4.0.4&#8243; title_font=\u00bbFredoka One||||||||\u00bb title_text_color=\u00bb#262f71&#8243; title_font_size=\u00bb50px\u00bb title_line_height=\u00bb1.3em\u00bb content_font=\u00bb|700|||||||\u00bb content_text_align=\u00bbleft\u00bb content_font_size=\u00bb25px\u00bb content_line_height=\u00bb1.8em\u00bb background_color=\u00bbrgba(255, 255, 255, 0)\u00bb background_image=\u00bbhttps:\/\/www.fundacionchisua.org\/web\/wp-content\/uploads\/2019\/11\/babysitter-background.png\u00bb custom_button_one=\u00bbon\u00bb button_one_text_size=\u00bb14px\u00bb button_one_text_color=\u00bb#ffffff\u00bb button_one_bg_color=\u00bb#ffb9cc\u00bb button_one_border_width=\u00bb8px\u00bb button_one_border_color=\u00bb#ffb9cc\u00bb button_one_border_radius=\u00bb100px\u00bb button_one_font=\u00bbNunito|700||on|||||\u00bb button_one_use_icon=\u00bboff\u00bb custom_button_two=\u00bbon\u00bb button_two_text_size=\u00bb14px\u00bb button_two_text_color=\u00bb#88d4f2&#8243; button_two_border_width=\u00bb6px\u00bb button_two_border_color=\u00bbrgba(255,255,255,0)\u00bb button_two_border_radius=\u00bb86px\u00bb button_two_font=\u00bbNunito|700||on|||||\u00bb button_two_use_icon=\u00bboff\u00bb background_layout=\u00bblight\u00bb custom_margin=\u00bb|||\u00bb custom_padding=\u00bb108px||130px|||\u00bb box_shadow_style_button_one=\u00bbpreset3&#8243; box_shadow_color_button_one=\u00bbrgba(255,185,204,0.6)\u00bb box_shadow_style_button_two=\u00bbpreset5&#8243; box_shadow_vertical_button_two=\u00bb0px\u00bb box_shadow_spread_button_two=\u00bb2px\u00bb box_shadow_color_button_two=\u00bb#88d4f2&#8243; button_two_text_color_hover=\u00bb#ffffff\u00bb button_two_border_color_hover=\u00bb#88d4f2&#8243; button_two_bg_color_hover=\u00bb#88d4f2&#8243; button_one_text_size__hover_enabled=\u00bboff\u00bb button_two_text_size__hover_enabled=\u00bboff\u00bb button_one_text_color__hover_enabled=\u00bboff\u00bb button_two_text_color__hover_enabled=\u00bbon\u00bb button_two_text_color__hover=\u00bb#ffffff\u00bb button_one_border_width__hover_enabled=\u00bboff\u00bb button_two_border_width__hover_enabled=\u00bboff\u00bb button_one_border_color__hover_enabled=\u00bboff\u00bb button_two_border_color__hover_enabled=\u00bbon\u00bb button_two_border_color__hover=\u00bb#88d4f2&#8243; button_one_border_radius__hover_enabled=\u00bboff\u00bb button_two_border_radius__hover_enabled=\u00bboff\u00bb button_one_letter_spacing__hover_enabled=\u00bboff\u00bb button_two_letter_spacing__hover_enabled=\u00bboff\u00bb button_one_bg_color__hover_enabled=\u00bboff\u00bb button_two_bg_color__hover_enabled=\u00bbon\u00bb button_two_bg_color__hover=\u00bb#88d4f2&#8243;]<\/p>\n<p><span data-contrast=\"auto\" class=\"TextRun SCXW183841540 BCX0\" xml:lang=\"ES-MX\" lang=\"ES-MX\"><span class=\"NormalTextRun SCXW183841540 BCX0\">sabores y saberes en el territorio.<\/span><\/span><\/p>\n<p>[\/et_pb_fullwidth_header][\/et_pb_section][et_pb_section fb_built=\u00bb1&#8243; admin_label=\u00bbFeature\u00bb _builder_version=\u00bb3.22&#8243; background_image=\u00bbhttps:\/\/www.fundacionchisua.org\/web\/wp-content\/uploads\/2019\/11\/babysitter-background-color-1.png\u00bb background_size=\u00bbinitial\u00bb][et_pb_row column_structure=\u00bb1_2,1_2&#8243; _builder_version=\u00bb3.25&#8243; width=\u00bb91.9%\u00bb custom_margin=\u00bb|||\u00bb animation_style=\u00bbfade\u00bb][et_pb_column type=\u00bb1_2&#8243; _builder_version=\u00bb3.25&#8243; custom_padding=\u00bb|||\u00bb custom_padding__hover=\u00bb|||\u00bb][et_pb_image src=\u00bbhttps:\/\/www.fundacionchisua.org\/web\/wp-content\/uploads\/2019\/11\/fundacion-chisua-proyectos-16.jpg\u00bb force_fullwidth=\u00bbon\u00bb align_tablet=\u00bbcenter\u00bb align_phone=\u00bb\u00bb align_last_edited=\u00bbon|desktop\u00bb _builder_version=\u00bb4.0.4&#8243; animation_style=\u00bbfade\u00bb][\/et_pb_image][\/et_pb_column][et_pb_column type=\u00bb1_2&#8243; _builder_version=\u00bb3.25&#8243; custom_padding=\u00bb7%|||\u00bb custom_padding__hover=\u00bb|||\u00bb][et_pb_blurb title=\u00bbMUJERES SORORAS es un programa que plantea acciones para contribuir a erradicar toda forma de violencias hacia la mujer, y contribuir a su empoderamiento, materializando iniciativas de cambio y transformaci\u00f3n social, tal como lo proclama la Cuarta Conferencia sobre la Mujer celebrada en Beijing (1995): \u00bb _builder_version=\u00bb4.0.4&#8243; header_font=\u00bbFredoka One||||||||\u00bb header_text_color=\u00bb#262f71&#8243; header_font_size=\u00bb22px\u00bb header_line_height=\u00bb1.3em\u00bb body_font=\u00bbNunito||||||||\u00bb body_font_size=\u00bb16px\u00bb body_line_height=\u00bb1.8em\u00bb text_orientation=\u00bbcenter\u00bb background_layout=\u00bbdark\u00bb min_height=\u00bb199px\u00bb custom_margin=\u00bb-81px|||||\u00bb animation_style=\u00bbfade\u00bb animation_delay=\u00bb100ms\u00bb animation=\u00bboff\u00bb border_radii_image=\u00bbon|500px|500px|500px|500px\u00bb border_width_all_image=\u00bb14px\u00bb border_color_all_image=\u00bb#ffffff\u00bb box_shadow_style_image=\u00bbpreset3&#8243; box_shadow_color_image=\u00bbrgba(102,175,204,0.35)\u00bb locked=\u00bboff\u00bb][\/et_pb_blurb][et_pb_divider color=\u00bb#88d4f2&#8243; divider_weight=\u00bb4px\u00bb _builder_version=\u00bb3.2&#8243; max_width=\u00bb60px\u00bb height=\u00bb4px\u00bb animation_style=\u00bbslide\u00bb animation_direction=\u00bbtop\u00bb animation_intensity_slide=\u00bb5%\u00bb animation_starting_opacity=\u00bb100%\u00bb][\/et_pb_divider][\/et_pb_column][\/et_pb_row][et_pb_row _builder_version=\u00bb4.0.4&#8243;][et_pb_column type=\u00bb4_4&#8243; _builder_version=\u00bb4.0.4&#8243;][et_pb_text _builder_version=\u00bb4.0.4&#8243; text_font=\u00bb||||||||\u00bb header_font=\u00bb||||||||\u00bb header_text_color=\u00bb#262f71&#8243; header_2_font=\u00bbFredoka One||||||||\u00bb header_2_text_color=\u00bb#262f71&#8243; header_2_font_size=\u00bb46px\u00bb header_2_line_height=\u00bb1.3em\u00bb animation_style=\u00bbslide\u00bb animation_direction=\u00bbtop\u00bb animation_intensity_slide=\u00bb5%\u00bb animation_starting_opacity=\u00bb100%\u00bb locked=\u00bboff\u00bb]<\/p>\n<h2>\u201cel empoderamiento de las mujeres y su plena participaci\u00f3n en condiciones de igualdad en todas las esferas de la sociedad, incluso la participaci\u00f3n en los procesos de la toma de decisiones\u00a0y el acceso al poder, son fundamentales para alcanzar la libertad, el desarrollo y la paz\u201d.<\/h2>\n<p>[\/et_pb_text][\/et_pb_column][\/et_pb_row][\/et_pb_section][et_pb_section fb_built=\u00bb1&#8243; _builder_version=\u00bb4.0.4&#8243; custom_padding=\u00bb0px|||||\u00bb][et_pb_row _builder_version=\u00bb4.0.4&#8243;][et_pb_column type=\u00bb4_4&#8243; _builder_version=\u00bb4.0.4&#8243;][et_pb_gallery gallery_ids=\u00bb926,927,928,929&#8243; _builder_version=\u00bb4.0.4&#8243; title_font_size=\u00bb0px\u00bb pagination_font=\u00bb|700|||||||\u00bb pagination_text_color=\u00bb#000000&#8243;][\/et_pb_gallery][\/et_pb_column][\/et_pb_row][\/et_pb_section][et_pb_section fb_built=\u00bb1&#8243; prev_background_color=\u00bb#ffffff\u00bb admin_label=\u00bbFeatures\u00bb _builder_version=\u00bb3.22&#8243; background_color=\u00bb#32bcf2&#8243; use_background_color_gradient=\u00bbon\u00bb background_color_gradient_start=\u00bb#32bcf2&#8243; background_color_gradient_end=\u00bb#7dd1f1&#8243; background_image=\u00bbhttps:\/\/www.fundacionchisua.org\/web\/wp-content\/uploads\/2019\/11\/babysitter-background-white-1.png\u00bb background_blend=\u00bboverlay\u00bb custom_padding=\u00bb150px||120px|\u00bb top_divider_style=\u00bbwave2&#8243; top_divider_height=\u00bb150px\u00bb top_divider_flip=\u00bbhorizontal\u00bb locked=\u00bboff\u00bb][et_pb_row custom_padding_last_edited=\u00bboff|desktop\u00bb _builder_version=\u00bb3.25&#8243; custom_margin=\u00bb|||\u00bb custom_padding=\u00bb|||\u00bb animation_style=\u00bbfade\u00bb][et_pb_column type=\u00bb4_4&#8243; _builder_version=\u00bb3.25&#8243; custom_padding=\u00bb|||\u00bb custom_padding__hover=\u00bb|||\u00bb][et_pb_text _builder_version=\u00bb4.0.4&#8243; text_font=\u00bb||||||||\u00bb header_font=\u00bb||||||||\u00bb header_line_height=\u00bb0em\u00bb header_2_font=\u00bbFredoka One||||||||\u00bb header_2_text_align=\u00bbcenter\u00bb header_2_font_size=\u00bb46px\u00bb header_2_line_height=\u00bb1.3em\u00bb background_layout=\u00bbdark\u00bb max_width=\u00bb1142px\u00bb module_alignment=\u00bbcenter\u00bb custom_margin=\u00bb|||\u00bb custom_padding=\u00bb|||0px||\u00bb animation_style=\u00bbslide\u00bb animation_direction=\u00bbtop\u00bb animation_intensity_slide=\u00bb5%\u00bb animation_starting_opacity=\u00bb100%\u00bb]<\/p>\n<h2><span data-contrast=\"auto\" class=\"TextRun  BCX0 SCXW4344668\" xml:lang=\"ES-MX\" lang=\"ES-MX\"><span class=\"NormalTextRun  BCX0 SCXW4344668\">De esta manera<span>\u00a0<\/span><\/span><span class=\"SpellingError  BCX0 SCXW4344668\">Chisua<\/span><span class=\"NormalTextRun  BCX0 SCXW4344668\"><span>\u00a0<\/span>promueve encuentros<\/span><\/span><\/h2>\n<h2><span data-contrast=\"auto\" class=\"TextRun  BCX0 SCXW4344668\" xml:lang=\"ES-MX\" lang=\"ES-MX\"><span class=\"NormalTextRun  BCX0 SCXW4344668\">\u2013solidarios y c\u00f3mplices- entre mujeres para caminar juntas hacia relaciones m\u00e1s justas, y as\u00ed lograr tejer su riqueza de experiencia. Ollas comunitarias y diversas jornadas<span>\u00a0<\/span><\/span><\/span><span data-contrast=\"auto\" class=\"TextRun  BCX0 SCXW4344668\" xml:lang=\"ES-MX\" lang=\"ES-MX\"><span class=\"NormalTextRun  BCX0 SCXW4344668\">participativas invitan a contar sus historias de vida<\/span><\/span><span data-contrast=\"auto\" class=\"TextRun  BCX0 SCXW4344668\" xml:lang=\"ES-MX\" lang=\"ES-MX\"><span class=\"NormalTextRun  BCX0 SCXW4344668\"><span>\u00a0<\/span>y sus tradiciones como puentes inclusivos para reconstruir la memoria y la dignidad.<\/span><\/span><span class=\"EOP  BCX0 SCXW4344668\" data-ccp-props=\"{&quot;201341983&quot;:0,&quot;335551550&quot;:6,&quot;335551620&quot;:6,&quot;335559685&quot;:360,&quot;335559739&quot;:200,&quot;335559740&quot;:276,&quot;469777462&quot;:[1149],&quot;469777927&quot;:[0],&quot;469777928&quot;:[1]}\">\u00a0<\/span><\/h2>\n<p>[\/et_pb_text][et_pb_divider color=\u00bb#ffb9cc\u00bb divider_weight=\u00bb4px\u00bb _builder_version=\u00bb3.2&#8243; max_width=\u00bb60px\u00bb max_width_tablet=\u00bb14%\u00bb max_width_last_edited=\u00bboff|desktop\u00bb module_alignment=\u00bbcenter\u00bb height=\u00bb4px\u00bb animation_style=\u00bbslide\u00bb animation_direction=\u00bbtop\u00bb animation_intensity_slide=\u00bb5%\u00bb animation_starting_opacity=\u00bb100%\u00bb][\/et_pb_divider][\/et_pb_column][\/et_pb_row][et_pb_row _builder_version=\u00bb4.0.4&#8243;][et_pb_column type=\u00bb4_4&#8243; _builder_version=\u00bb4.0.4&#8243;][et_pb_image src=\u00bbhttps:\/\/www.fundacionchisua.org\/web\/wp-content\/uploads\/2021\/07\/mujeres-sororas-01.png\u00bb _builder_version=\u00bb4.0.4&#8243; hover_enabled=\u00bb0&#8243; align=\u00bbcenter\u00bb][\/et_pb_image][\/et_pb_column][\/et_pb_row][\/et_pb_section][et_pb_section fb_built=\u00bb1&#8243; prev_background_color=\u00bb#32bcf2&#8243; admin_label=\u00bbTestimonial\u00bb _builder_version=\u00bb3.22&#8243; use_background_color_gradient=\u00bbon\u00bb background_color_gradient_start=\u00bb#38479b\u00bb background_color_gradient_end=\u00bb#4559b2&#8243; background_image=\u00bbhttps:\/\/www.fundacionchisua.org\/web\/wp-content\/uploads\/2019\/11\/babysitter-background-white-1.png\u00bb custom_padding=\u00bb150px||120px|\u00bb top_divider_style=\u00bbwave\u00bb top_divider_height=\u00bb150px\u00bb bottom_divider_height=\u00bb50px\u00bb][et_pb_row _builder_version=\u00bb3.25&#8243;][et_pb_column type=\u00bb4_4&#8243; _builder_version=\u00bb3.25&#8243; custom_padding=\u00bb|||\u00bb custom_padding__hover=\u00bb|||\u00bb][et_pb_text _builder_version=\u00bb4.0.4&#8243; text_font=\u00bb||||||||\u00bb header_font=\u00bb||||||||\u00bb header_text_align=\u00bbcenter\u00bb header_2_font=\u00bbFredoka One||||||||\u00bb header_2_text_align=\u00bbcenter\u00bb header_2_text_color=\u00bb#\u00bb header_2_font_size=\u00bb46px\u00bb text_orientation=\u00bbcenter\u00bb background_layout=\u00bbdark\u00bb max_width=\u00bb1112px\u00bb module_alignment=\u00bbcenter\u00bb animation_style=\u00bbslide\u00bb animation_direction=\u00bbtop\u00bb animation_intensity_slide=\u00bb5%\u00bb animation_starting_opacity=\u00bb100%\u00bb]<\/p>\n<h2><span class=\"NormalTextRun SCXW183244965 BCX0\">Compartir el ideal del trabajo en equipo, la reciprocidad, el hermanamiento y la amistad, para el despliegue de sus capacidades y valores en com\u00fan-<\/span><span class=\"SpellingError SCXW183244965 BCX0\">idad<\/span><span class=\"NormalTextRun SCXW183244965 BCX0\">, es la clave para lograr territorios libres de violencias de g\u00e9nero y relaciones basadas en la equidad.\u00a0<\/span><\/h2>\n<p>[\/et_pb_text][\/et_pb_column][\/et_pb_row][\/et_pb_section][et_pb_section fb_built=\u00bb1&#8243; _builder_version=\u00bb4.0.4&#8243;][et_pb_row column_structure=\u00bb1_2,1_2&#8243; _builder_version=\u00bb4.0.4&#8243;][et_pb_column type=\u00bb1_2&#8243; _builder_version=\u00bb4.0.4&#8243;][et_pb_image src=\u00bbhttps:\/\/www.fundacionchisua.org\/web\/wp-content\/uploads\/2020\/02\/fundacion-chisua-mujeressororas1-1-e1582462448647.jpg\u00bb _builder_version=\u00bb4.0.4&#8243;][\/et_pb_image][\/et_pb_column][et_pb_column type=\u00bb1_2&#8243; _builder_version=\u00bb4.0.4&#8243;][et_pb_image src=\u00bbhttps:\/\/www.fundacionchisua.org\/web\/wp-content\/uploads\/2020\/02\/fundacion-chisua-mujeressororas3-1-e1582462323570.jpg\u00bb _builder_version=\u00bb4.0.4&#8243;][\/et_pb_image][\/et_pb_column][\/et_pb_row][\/et_pb_section]<\/p>\n","protected":false},"excerpt":{"rendered":"<p>sabores y saberes en el territorio.\u201cel empoderamiento de las mujeres y su plena participaci\u00f3n en condiciones de igualdad en todas las esferas de la sociedad, incluso la participaci\u00f3n en los procesos de la toma de decisiones\u00a0y el acceso al poder, son fundamentales para alcanzar la libertad, el desarrollo y la paz\u201d.De esta manera\u00a0Chisua\u00a0promueve encuentros \u2013solidarios [&hellip;]<\/p>\n","protected":false},"author":1,"featured_media":0,"parent":0,"menu_order":0,"comment_status":"closed","ping_status":"closed","template":"","meta":{"_et_pb_use_builder":"on","_et_pb_old_content":"","_et_gb_content_width":"","footnotes":""},"_links":{"self":[{"href":"https:\/\/www.fundacionchisua.org\/web\/wp-json\/wp\/v2\/pages\/219"}],"collection":[{"href":"https:\/\/www.fundacionchisua.org\/web\/wp-json\/wp\/v2\/pages"}],"about":[{"href":"https:\/\/www.fundacionchisua.org\/web\/wp-json\/wp\/v2\/types\/page"}],"author":[{"embeddable":true,"href":"https:\/\/www.fundacionchisua.org\/web\/wp-json\/wp\/v2\/users\/1"}],"replies":[{"embeddable":true,"href":"https:\/\/www.fundacionchisua.org\/web\/wp-json\/wp\/v2\/comments?post=219"}],"version-history":[{"count":10,"href":"https:\/\/www.fundacionchisua.org\/web\/wp-json\/wp\/v2\/pages\/219\/revisions"}],"predecessor-version":[{"id":1471,"href":"https:\/\/www.fundacionchisua.org\/web\/wp-json\/wp\/v2\/pages\/219\/revisions\/1471"}],"wp:attachment":[{"href":"https:\/\/www.fundacionchisua.org\/web\/wp-json\/wp\/v2\/media?parent=219"}],"curies":[{"name":"wp","href":"https:\/\/api.w.org\/{rel}","templated":true}]}}