{"id":3676,"date":"2024-07-04T08:44:17","date_gmt":"2024-07-04T13:44:17","guid":{"rendered":"https:\/\/www.fundacionchisua.org\/web\/?page_id=3676"},"modified":"2024-07-04T08:44:18","modified_gmt":"2024-07-04T13:44:18","slug":"suenos-con-mochila","status":"publish","type":"page","link":"https:\/\/www.fundacionchisua.org\/web\/suenos-con-mochila\/","title":{"rendered":"SUE\u00d1OS CON MOCHILA"},"content":{"rendered":"\n[et_pb_section fb_built=\u00bb1&#8243; admin_label=\u00bbOur Mission\u00bb _builder_version=\u00bb4.26.0&#8243; use_background_color_gradient=\u00bbon\u00bb background_color_gradient_stops=\u00bbrgba(233,239,243,0) 0%|#e9eff3 100%\u00bb background_color_gradient_start=\u00bbrgba(233,239,243,0)\u00bb background_color_gradient_end=\u00bb#e9eff3&#8243; background_image=\u00bbhttps:\/\/www.fundacionchisua.org\/web\/wp-content\/uploads\/2019\/11\/shapes-bg-color.png\u00bb parallax=\u00bbon\u00bb custom_padding=\u00bb54px|0px|42px|0px|false|false\u00bb hover_enabled=\u00bb0&#8243; global_colors_info=\u00bb{}\u00bb sticky_enabled=\u00bb0&#8243;][et_pb_row admin_label=\u00bbMission Row\u00bb _builder_version=\u00bb4.16&#8243; custom_margin=\u00bb|402px||412px||\u00bb locked=\u00bboff\u00bb global_colors_info=\u00bb{}\u00bb][et_pb_column type=\u00bb4_4&#8243; _builder_version=\u00bb4.16&#8243; custom_padding=\u00bb|||\u00bb global_colors_info=\u00bb{}\u00bb custom_padding__hover=\u00bb|||\u00bb][et_pb_image src=\u00bbhttps:\/\/www.fundacionchisua.org\/web\/wp-content\/uploads\/2024\/06\/ba-1_Mesa-de-trabajo-1.png\u00bb _builder_version=\u00bb4.26.0&#8243; custom_padding=\u00bb|||0px||\u00bb animation_style=\u00bbfade\u00bb animation_direction=\u00bbleft\u00bb hover_enabled=\u00bb0&#8243; global_colors_info=\u00bb{}\u00bb sticky_enabled=\u00bb0&#8243;][\/et_pb_image][et_pb_text _builder_version=\u00bb4.16&#8243; text_font=\u00bbRubik|500|||||||\u00bb text_font_size=\u00bb16px\u00bb text_line_height=\u00bb2em\u00bb header_font=\u00bb||||||||\u00bb header_2_font=\u00bbRubik|700|||||||\u00bb header_2_font_size=\u00bb40px\u00bb header_2_line_height=\u00bb1.4em\u00bb header_5_font=\u00bbRubik|700||on|||||\u00bb header_5_text_color=\u00bb#2b76df\u00bb header_5_letter_spacing=\u00bb5px\u00bb header_5_line_height=\u00bb1.5em\u00bb text_orientation=\u00bbcenter\u00bb max_width=\u00bb700px\u00bb module_alignment=\u00bbcenter\u00bb custom_margin=\u00bb|||\u00bb custom_margin_tablet=\u00bb0px|||\u00bb custom_margin_last_edited=\u00bboff|desktop\u00bb text_line_height_last_edited=\u00bboff|desktop\u00bb header_2_font_size_tablet=\u00bb\u00bb header_2_font_size_phone=\u00bb30px\u00bb header_2_font_size_last_edited=\u00bbon|phone\u00bb global_colors_info=\u00bb{}\u00bb]<h2>SUE\u00d1OS CON MOCHILA\u00a0<\/h2>[\/et_pb_text][\/et_pb_column][\/et_pb_row][\/et_pb_section][et_pb_section fb_built=\u00bb1&#8243; admin_label=\u00bbFacilities\u00bb _builder_version=\u00bb4.16&#8243; use_background_color_gradient=\u00bbon\u00bb background_color_gradient_stops=\u00bbrgba(233,239,243,0) 0%|#e9eff3 100%\u00bb background_color_gradient_start=\u00bbrgba(233,239,243,0)\u00bb background_color_gradient_end=\u00bb#e9eff3&#8243; background_image=\u00bbhttps:\/\/www.fundacionchisua.org\/web\/wp-content\/uploads\/2019\/11\/shapes-bg-1.png\u00bb parallax=\u00bbon\u00bb custom_padding=\u00bb20px|0px|100px|0px|false|false\u00bb global_colors_info=\u00bb{}\u00bb][et_pb_row _builder_version=\u00bb4.16&#8243; custom_padding=\u00bb61px|||||\u00bb hover_transition_duration=\u00bb15ms\u00bb hover_transition_delay=\u00bb15ms\u00bb global_colors_info=\u00bb{}\u00bb][et_pb_column type=\u00bb4_4&#8243; _builder_version=\u00bb4.16&#8243; global_colors_info=\u00bb{}\u00bb][et_pb_text _builder_version=\u00bb4.16&#8243; custom_margin=\u00bb||-1px|||\u00bb global_colors_info=\u00bb{}\u00bb]<p>La Fundaci\u00f3n Chisua junto con el Colectivo Cultural N.N, visibiliza las infancias en Tocaimita, generando un espacio amoroso para el juego y el conocimiento, donde sean escuchadas e importantes. Todo desde un trabajo en equipo, donde nos colaboramos para dar la mejor experiencia de atenci\u00f3n\u00a0y\u00a0escucha, Tocaimita, ubicado sobre la antigua V\u00eda al Llano, en la parte oriental de Usme, limitando con el barrio Sierra Morena, conviven diferentes comunidades, desde la afro, ind\u00edgena y mestiza. Recorrimos una peque\u00f1a parte de este lugar para invitar a ni\u00f1os, ni\u00f1as y cuidadoras a compartir un rato de juegos, malabares y zancos, con sonrisas, un refri delicioso\u00a0y\u00a0amor.<\/p>\n<p><span style=\"font-size: 14px;\"><\/span><\/p>\n<p><span style=\"font-size: 14px;\">Las madres cuidadoras hicieron un trabajo muy importante de ejemplo y conversaci\u00f3n entre ellas, dando su opini\u00f3n y participando de forma constante y propositiva. Ni\u00f1os y ni\u00f1as siguen el ejemplo y toman rostro de manera org\u00e1nica para vivir la experiencia de juego, tomarse la palabra y\u00a0ser\u00a0escuchados. Finalizamos con sonrisas, consolidando v\u00ednculos, compartiendo la palabra dulce y corazonando la vida. Desde el amor que mueve cualquier motivaci\u00f3n es posible hacer sentir a otros caricias c\u00e1lidas en\u00a0su\u00a0existencia.<\/span><\/p>\n<p>&nbsp;<\/p>\n<p>&nbsp;<\/p>[\/et_pb_text][et_pb_gallery gallery_ids=\u00bb3696,3693,3694,3698,3695,3699,3700,3692,3697&#8243; fullwidth=\u00bbon\u00bb _builder_version=\u00bb4.16&#8243; animation_style=\u00bbslide\u00bb animation_direction=\u00bbleft\u00bb auto=\u00bbon\u00bb box_shadow_style=\u00bbpreset1&#8243; global_colors_info=\u00bb{}\u00bb][\/et_pb_gallery][\/et_pb_column][\/et_pb_row][et_pb_row _builder_version=\u00bb4.26.0&#8243; hover_enabled=\u00bb0&#8243; global_colors_info=\u00bb{}\u00bb width=\u00bb100%\u00bb max_width=\u00bb2560px\u00bb use_custom_gutter=\u00bbon\u00bb gutter_width=\u00bb1&#8243; module_class=\u00bbds-carousel\u00bb sticky_enabled=\u00bb0&#8243;][et_pb_column type=\u00bb4_4&#8243; _builder_version=\u00bb4.16&#8243; global_colors_info=\u00bb{}\u00bb][et_pb_image src=\u00bbhttps:\/\/www.fundacionchisua.org\/web\/wp-content\/uploads\/2024\/06\/Fundaci\u00f3n-Chisua-24.jpg\u00bb _builder_version=\u00bb4.26.0&#8243; _module_preset=\u00bbdefault\u00bb title_text=\u00bbFundaci\u00f3n Chisua-24&#8243; hover_enabled=\u00bb0&#8243; sticky_enabled=\u00bb0&#8243; admin_label=\u00bb01&#8243; custom_padding=\u00bb|30px||30px|false|false\u00bb][\/et_pb_image][et_pb_image src=\u00bbhttps:\/\/www.fundacionchisua.org\/web\/wp-content\/uploads\/2024\/06\/Fundaci\u00f3n-Chisua-23.jpg\u00bb _builder_version=\u00bb4.26.0&#8243; _module_preset=\u00bbdefault\u00bb title_text=\u00bbFundaci\u00f3n Chisua-23&#8243; hover_enabled=\u00bb0&#8243; sticky_enabled=\u00bb0&#8243; admin_label=\u00bb02&#8243; custom_padding=\u00bb|30px||30px|false|false\u00bb][\/et_pb_image][et_pb_image src=\u00bbhttps:\/\/www.fundacionchisua.org\/web\/wp-content\/uploads\/2024\/06\/Fundaci\u00f3n-Chisua-22.jpg\u00bb _builder_version=\u00bb4.26.0&#8243; _module_preset=\u00bbdefault\u00bb title_text=\u00bbFundaci\u00f3n Chisua-22&#8243; hover_enabled=\u00bb0&#8243; sticky_enabled=\u00bb0&#8243; admin_label=\u00bb03&#8243; custom_padding=\u00bb|30px||30px|false|false\u00bb][\/et_pb_image][et_pb_image src=\u00bbhttps:\/\/www.fundacionchisua.org\/web\/wp-content\/uploads\/2024\/06\/Fundaci\u00f3n-Chisua-21.jpg\u00bb _builder_version=\u00bb4.26.0&#8243; _module_preset=\u00bbdefault\u00bb title_text=\u00bbFundaci\u00f3n Chisua-21&#8243; hover_enabled=\u00bb0&#8243; sticky_enabled=\u00bb0&#8243; admin_label=\u00bb04&#8243; custom_padding=\u00bb|30px||30px|false|false\u00bb][\/et_pb_image][et_pb_image src=\u00bbhttps:\/\/www.fundacionchisua.org\/web\/wp-content\/uploads\/2024\/06\/Fundaci\u00f3n-Chisua-20.jpg\u00bb _builder_version=\u00bb4.26.0&#8243; _module_preset=\u00bbdefault\u00bb title_text=\u00bbFundaci\u00f3n Chisua-20&#8243; hover_enabled=\u00bb0&#8243; sticky_enabled=\u00bb0&#8243; admin_label=\u00bb05&#8243; custom_padding=\u00bb|30px||30px|false|false\u00bb][\/et_pb_image][et_pb_image src=\u00bbhttps:\/\/www.fundacionchisua.org\/web\/wp-content\/uploads\/2024\/06\/Fundaci\u00f3n-Chisua-19.jpg\u00bb _builder_version=\u00bb4.26.0&#8243; _module_preset=\u00bbdefault\u00bb title_text=\u00bbFundaci\u00f3n Chisua-19&#8243; hover_enabled=\u00bb0&#8243; sticky_enabled=\u00bb0&#8243; admin_label=\u00bb06&#8243; custom_padding=\u00bb|30px||30px|false|false\u00bb][\/et_pb_image][et_pb_image src=\u00bbhttps:\/\/www.fundacionchisua.org\/web\/wp-content\/uploads\/2024\/06\/Fundaci\u00f3n-Chisua-18.jpg\u00bb _builder_version=\u00bb4.26.0&#8243; _module_preset=\u00bbdefault\u00bb title_text=\u00bbFundaci\u00f3n Chisua-18&#8243; hover_enabled=\u00bb0&#8243; sticky_enabled=\u00bb0&#8243; admin_label=\u00bb07&#8243; custom_padding=\u00bb|30px||30px|false|false\u00bb][\/et_pb_image][et_pb_image src=\u00bbhttps:\/\/www.fundacionchisua.org\/web\/wp-content\/uploads\/2024\/06\/Fundaci\u00f3n-Chisua-17.jpg\u00bb _builder_version=\u00bb4.26.0&#8243; _module_preset=\u00bbdefault\u00bb title_text=\u00bbFundaci\u00f3n Chisua-17&#8243; hover_enabled=\u00bb0&#8243; sticky_enabled=\u00bb0&#8243; admin_label=\u00bb08&#8243; custom_padding=\u00bb|30px||30px|false|false\u00bb][\/et_pb_image][et_pb_image src=\u00bbhttps:\/\/www.fundacionchisua.org\/web\/wp-content\/uploads\/2024\/06\/Fundaci\u00f3n-Chisua-16.jpg\u00bb _builder_version=\u00bb4.26.0&#8243; _module_preset=\u00bbdefault\u00bb title_text=\u00bbFundaci\u00f3n Chisua-16&#8243; hover_enabled=\u00bb0&#8243; sticky_enabled=\u00bb0&#8243; admin_label=\u00bb09&#8243; custom_padding=\u00bb|30px||30px|false|false\u00bb][\/et_pb_image][et_pb_image src=\u00bbhttps:\/\/www.fundacionchisua.org\/web\/wp-content\/uploads\/2024\/06\/Fundaci\u00f3n-Chisua-15.jpg\u00bb _builder_version=\u00bb4.26.0&#8243; _module_preset=\u00bbdefault\u00bb title_text=\u00bbFundaci\u00f3n Chisua-15&#8243; hover_enabled=\u00bb0&#8243; sticky_enabled=\u00bb0&#8243; admin_label=\u00bb10&#8243; custom_padding=\u00bb|30px||30px|false|false\u00bb][\/et_pb_image][et_pb_image src=\u00bbhttps:\/\/www.fundacionchisua.org\/web\/wp-content\/uploads\/2024\/06\/Fundaci\u00f3n-Chisua-14.jpg\u00bb _builder_version=\u00bb4.26.0&#8243; _module_preset=\u00bbdefault\u00bb title_text=\u00bbFundaci\u00f3n Chisua-14&#8243; hover_enabled=\u00bb0&#8243; sticky_enabled=\u00bb0&#8243; admin_label=\u00bb11&#8243; custom_padding=\u00bb|30px||30px|false|false\u00bb][\/et_pb_image][et_pb_image src=\u00bbhttps:\/\/www.fundacionchisua.org\/web\/wp-content\/uploads\/2024\/06\/Fundaci\u00f3n-Chisua-13.jpg\u00bb _builder_version=\u00bb4.26.0&#8243; _module_preset=\u00bbdefault\u00bb title_text=\u00bbFundaci\u00f3n Chisua-13&#8243; hover_enabled=\u00bb0&#8243; sticky_enabled=\u00bb0&#8243; admin_label=\u00bb12&#8243; custom_padding=\u00bb|30px||30px|false|false\u00bb][\/et_pb_image][et_pb_image src=\u00bbhttps:\/\/www.fundacionchisua.org\/web\/wp-content\/uploads\/2024\/06\/Fundaci\u00f3n-Chisua-12.jpg\u00bb _builder_version=\u00bb4.26.0&#8243; _module_preset=\u00bbdefault\u00bb title_text=\u00bbFundaci\u00f3n Chisua-12&#8243; hover_enabled=\u00bb0&#8243; sticky_enabled=\u00bb0&#8243; admin_label=\u00bb13&#8243; custom_padding=\u00bb|30px||30px|false|false\u00bb][\/et_pb_image][et_pb_image src=\u00bbhttps:\/\/www.fundacionchisua.org\/web\/wp-content\/uploads\/2024\/06\/Fundaci\u00f3n-Chisua-10.jpg\u00bb _builder_version=\u00bb4.26.0&#8243; _module_preset=\u00bbdefault\u00bb title_text=\u00bbFundaci\u00f3n Chisua-10&#8243; hover_enabled=\u00bb0&#8243; sticky_enabled=\u00bb0&#8243; admin_label=\u00bb14&#8243; custom_padding=\u00bb|30px||30px|false|false\u00bb][\/et_pb_image][et_pb_image src=\u00bbhttps:\/\/www.fundacionchisua.org\/web\/wp-content\/uploads\/2024\/06\/Fundaci\u00f3n-Chisua-24.jpg\u00bb _builder_version=\u00bb4.26.0&#8243; _module_preset=\u00bbdefault\u00bb title_text=\u00bbFundaci\u00f3n Chisua-24&#8243; hover_enabled=\u00bb0&#8243; sticky_enabled=\u00bb0&#8243; admin_label=\u00bb01&#8243; custom_padding=\u00bb|30px||30px|false|false\u00bb][\/et_pb_image][et_pb_image src=\u00bbhttps:\/\/www.fundacionchisua.org\/web\/wp-content\/uploads\/2024\/06\/Fundaci\u00f3n-Chisua-23.jpg\u00bb _builder_version=\u00bb4.26.0&#8243; _module_preset=\u00bbdefault\u00bb title_text=\u00bbFundaci\u00f3n Chisua-23&#8243; hover_enabled=\u00bb0&#8243; sticky_enabled=\u00bb0&#8243; admin_label=\u00bb02&#8243; custom_padding=\u00bb|30px||30px|false|false\u00bb][\/et_pb_image][et_pb_image src=\u00bbhttps:\/\/www.fundacionchisua.org\/web\/wp-content\/uploads\/2024\/06\/Fundaci\u00f3n-Chisua-22.jpg\u00bb _builder_version=\u00bb4.26.0&#8243; _module_preset=\u00bbdefault\u00bb title_text=\u00bbFundaci\u00f3n Chisua-22&#8243; hover_enabled=\u00bb0&#8243; sticky_enabled=\u00bb0&#8243; admin_label=\u00bb03&#8243; custom_padding=\u00bb|30px||30px|false|false\u00bb][\/et_pb_image][et_pb_image src=\u00bbhttps:\/\/www.fundacionchisua.org\/web\/wp-content\/uploads\/2024\/06\/Fundaci\u00f3n-Chisua-21.jpg\u00bb _builder_version=\u00bb4.26.0&#8243; _module_preset=\u00bbdefault\u00bb title_text=\u00bbFundaci\u00f3n Chisua-21&#8243; hover_enabled=\u00bb0&#8243; sticky_enabled=\u00bb0&#8243; admin_label=\u00bb04&#8243; custom_padding=\u00bb|30px||30px|false|false\u00bb][\/et_pb_image][et_pb_image src=\u00bbhttps:\/\/www.fundacionchisua.org\/web\/wp-content\/uploads\/2024\/06\/Fundaci\u00f3n-Chisua-20.jpg\u00bb _builder_version=\u00bb4.26.0&#8243; _module_preset=\u00bbdefault\u00bb title_text=\u00bbFundaci\u00f3n Chisua-20&#8243; hover_enabled=\u00bb0&#8243; sticky_enabled=\u00bb0&#8243; admin_label=\u00bb05&#8243; custom_padding=\u00bb|30px||30px|false|false\u00bb][\/et_pb_image][et_pb_image src=\u00bbhttps:\/\/www.fundacionchisua.org\/web\/wp-content\/uploads\/2024\/06\/Fundaci\u00f3n-Chisua-19.jpg\u00bb _builder_version=\u00bb4.26.0&#8243; _module_preset=\u00bbdefault\u00bb title_text=\u00bbFundaci\u00f3n Chisua-19&#8243; hover_enabled=\u00bb0&#8243; sticky_enabled=\u00bb0&#8243; admin_label=\u00bb06&#8243; custom_padding=\u00bb|30px||30px|false|false\u00bb][\/et_pb_image][et_pb_image src=\u00bbhttps:\/\/www.fundacionchisua.org\/web\/wp-content\/uploads\/2024\/06\/Fundaci\u00f3n-Chisua-18.jpg\u00bb _builder_version=\u00bb4.26.0&#8243; _module_preset=\u00bbdefault\u00bb title_text=\u00bbFundaci\u00f3n Chisua-18&#8243; hover_enabled=\u00bb0&#8243; sticky_enabled=\u00bb0&#8243; admin_label=\u00bb07&#8243; custom_padding=\u00bb|30px||30px|false|false\u00bb][\/et_pb_image][et_pb_image src=\u00bbhttps:\/\/www.fundacionchisua.org\/web\/wp-content\/uploads\/2024\/06\/Fundaci\u00f3n-Chisua-17.jpg\u00bb _builder_version=\u00bb4.26.0&#8243; _module_preset=\u00bbdefault\u00bb title_text=\u00bbFundaci\u00f3n Chisua-17&#8243; hover_enabled=\u00bb0&#8243; sticky_enabled=\u00bb0&#8243; admin_label=\u00bb08&#8243; custom_padding=\u00bb|30px||30px|false|false\u00bb][\/et_pb_image][et_pb_image src=\u00bbhttps:\/\/www.fundacionchisua.org\/web\/wp-content\/uploads\/2024\/06\/Fundaci\u00f3n-Chisua-16.jpg\u00bb _builder_version=\u00bb4.26.0&#8243; _module_preset=\u00bbdefault\u00bb title_text=\u00bbFundaci\u00f3n Chisua-16&#8243; hover_enabled=\u00bb0&#8243; sticky_enabled=\u00bb0&#8243; admin_label=\u00bb09&#8243; custom_padding=\u00bb|30px||30px|false|false\u00bb][\/et_pb_image][et_pb_image src=\u00bbhttps:\/\/www.fundacionchisua.org\/web\/wp-content\/uploads\/2024\/06\/Fundaci\u00f3n-Chisua-15.jpg\u00bb _builder_version=\u00bb4.26.0&#8243; _module_preset=\u00bbdefault\u00bb title_text=\u00bbFundaci\u00f3n Chisua-15&#8243; hover_enabled=\u00bb0&#8243; sticky_enabled=\u00bb0&#8243; admin_label=\u00bb10&#8243; custom_padding=\u00bb|30px||30px|false|false\u00bb][\/et_pb_image][et_pb_image src=\u00bbhttps:\/\/www.fundacionchisua.org\/web\/wp-content\/uploads\/2024\/06\/Fundaci\u00f3n-Chisua-14.jpg\u00bb _builder_version=\u00bb4.26.0&#8243; _module_preset=\u00bbdefault\u00bb title_text=\u00bbFundaci\u00f3n Chisua-14&#8243; hover_enabled=\u00bb0&#8243; sticky_enabled=\u00bb0&#8243; admin_label=\u00bb11&#8243; custom_padding=\u00bb|30px||30px|false|false\u00bb][\/et_pb_image][et_pb_image src=\u00bbhttps:\/\/www.fundacionchisua.org\/web\/wp-content\/uploads\/2024\/06\/Fundaci\u00f3n-Chisua-13.jpg\u00bb _builder_version=\u00bb4.26.0&#8243; _module_preset=\u00bbdefault\u00bb title_text=\u00bbFundaci\u00f3n Chisua-13&#8243; hover_enabled=\u00bb0&#8243; sticky_enabled=\u00bb0&#8243; admin_label=\u00bb12&#8243; custom_padding=\u00bb|30px||30px|false|false\u00bb][\/et_pb_image][et_pb_image src=\u00bbhttps:\/\/www.fundacionchisua.org\/web\/wp-content\/uploads\/2024\/06\/Fundaci\u00f3n-Chisua-12.jpg\u00bb _builder_version=\u00bb4.26.0&#8243; _module_preset=\u00bbdefault\u00bb title_text=\u00bbFundaci\u00f3n Chisua-12&#8243; hover_enabled=\u00bb0&#8243; sticky_enabled=\u00bb0&#8243; admin_label=\u00bb13&#8243; custom_padding=\u00bb|30px||30px|false|false\u00bb][\/et_pb_image][et_pb_image src=\u00bbhttps:\/\/www.fundacionchisua.org\/web\/wp-content\/uploads\/2024\/06\/Fundaci\u00f3n-Chisua-10.jpg\u00bb _builder_version=\u00bb4.26.0&#8243; _module_preset=\u00bbdefault\u00bb title_text=\u00bbFundaci\u00f3n Chisua-10&#8243; hover_enabled=\u00bb0&#8243; sticky_enabled=\u00bb0&#8243; admin_label=\u00bb14&#8243; custom_padding=\u00bb|30px||30px|false|false\u00bb][\/et_pb_image][\/et_pb_column][\/et_pb_row][\/et_pb_section]\n","protected":false},"excerpt":{"rendered":"<p>SUE\u00d1OS CON MOCHILA\u00a0La Fundaci\u00f3n Chisua junto con el Colectivo Cultural N.N, visibiliza las infancias en Tocaimita, generando un espacio amoroso para el juego y el conocimiento, donde sean escuchadas e importantes. Todo desde un trabajo en equipo, donde nos colaboramos para dar la mejor experiencia de atenci\u00f3n\u00a0y\u00a0escucha, Tocaimita, ubicado sobre la antigua V\u00eda al Llano, [&hellip;]<\/p>\n","protected":false},"author":1,"featured_media":0,"parent":0,"menu_order":0,"comment_status":"closed","ping_status":"closed","template":"","meta":{"_et_pb_use_builder":"on","_et_pb_old_content":"","_et_gb_content_width":"","footnotes":""},"_links":{"self":[{"href":"https:\/\/www.fundacionchisua.org\/web\/wp-json\/wp\/v2\/pages\/3676"}],"collection":[{"href":"https:\/\/www.fundacionchisua.org\/web\/wp-json\/wp\/v2\/pages"}],"about":[{"href":"https:\/\/www.fundacionchisua.org\/web\/wp-json\/wp\/v2\/types\/page"}],"author":[{"embeddable":true,"href":"https:\/\/www.fundacionchisua.org\/web\/wp-json\/wp\/v2\/users\/1"}],"replies":[{"embeddable":true,"href":"https:\/\/www.fundacionchisua.org\/web\/wp-json\/wp\/v2\/comments?post=3676"}],"version-history":[{"count":15,"href":"https:\/\/www.fundacionchisua.org\/web\/wp-json\/wp\/v2\/pages\/3676\/revisions"}],"predecessor-version":[{"id":3752,"href":"https:\/\/www.fundacionchisua.org\/web\/wp-json\/wp\/v2\/pages\/3676\/revisions\/3752"}],"wp:attachment":[{"href":"https:\/\/www.fundacionchisua.org\/web\/wp-json\/wp\/v2\/media?parent=3676"}],"curies":[{"name":"wp","href":"https:\/\/api.w.org\/{rel}","templated":true}]}}